{"id":722,"date":"2025-04-15T14:06:13","date_gmt":"2025-04-15T12:06:13","guid":{"rendered":"https:\/\/elracodelnavegant.com\/?page_id=722"},"modified":"2025-04-15T14:33:56","modified_gmt":"2025-04-15T12:33:56","slug":"reservas","status":"publish","type":"page","link":"https:\/\/elracodelnavegant.com\/es\/reservas\/","title":{"rendered":"Reservas"},"content":{"rendered":"\t\t<div data-elementor-type=\"wp-page\" data-elementor-id=\"722\" class=\"elementor elementor-722 elementor-721\" data-elementor-post-type=\"page\">\n\t\t\t\t<div class=\"elementor-element elementor-element-aad5473 e-con-full e-flex e-con e-parent\" data-id=\"aad5473\" data-element_type=\"container\" data-settings=\"{&quot;background_background&quot;:&quot;classic&quot;}\" data-core-v316-plus=\"true\">\n\t\t<div class=\"elementor-element elementor-element-5d27192 e-con-full elementor-hidden-mobile e-flex e-con e-child\" data-id=\"5d27192\" data-element_type=\"container\">\n\t\t\t\t<\/div>\n\t\t<div class=\"elementor-element elementor-element-e38a3c2 e-con-full e-flex e-con e-child\" data-id=\"e38a3c2\" data-element_type=\"container\">\n\t\t\t\t<div class=\"elementor-element elementor-element-7a8b7d8 elementor-invisible elementor-widget elementor-widget-image\" data-id=\"7a8b7d8\" data-element_type=\"widget\" data-settings=\"{&quot;_animation&quot;:&quot;fadeIn&quot;}\" data-widget_type=\"image.default\">\n\t\t\t\t<div class=\"elementor-widget-container\">\n\t\t\t<style>\/*! elementor - v3.20.0 - 26-03-2024 *\/\n.elementor-widget-image{text-align:center}.elementor-widget-image a{display:inline-block}.elementor-widget-image a img[src$=\".svg\"]{width:48px}.elementor-widget-image img{vertical-align:middle;display:inline-block}<\/style>\t\t\t\t\t\t\t\t\t\t<img fetchpriority=\"high\" decoding=\"async\" width=\"1800\" height=\"642\" src=\"https:\/\/elracodelnavegant.com\/wp-content\/uploads\/2024\/03\/DSC_0435-1-jpg.webp\" class=\"attachment-full size-full wp-image-557 not-transparent\" alt=\"\" srcset=\"https:\/\/elracodelnavegant.com\/wp-content\/uploads\/2024\/03\/DSC_0435-1-jpg.webp 1800w, https:\/\/elracodelnavegant.com\/wp-content\/uploads\/2024\/03\/DSC_0435-1-300x107.webp 300w, https:\/\/elracodelnavegant.com\/wp-content\/uploads\/2024\/03\/DSC_0435-1-1024x365.webp 1024w, https:\/\/elracodelnavegant.com\/wp-content\/uploads\/2024\/03\/DSC_0435-1-768x274.webp 768w, https:\/\/elracodelnavegant.com\/wp-content\/uploads\/2024\/03\/DSC_0435-1-1536x548.webp 1536w\" sizes=\"(max-width: 1800px) 100vw, 1800px\" data-has-transparency=\"false\" data-dominant-color=\"75766b\" style=\"--dominant-color: #75766b\" \/>\t\t\t\t\t\t\t\t\t\t\t\t\t<\/div>\n\t\t\t\t<\/div>\n\t\t\t\t<div class=\"elementor-element elementor-element-16aa731 elementor-widget elementor-widget-spacer\" data-id=\"16aa731\" data-element_type=\"widget\" data-widget_type=\"spacer.default\">\n\t\t\t\t<div class=\"elementor-widget-container\">\n\t\t\t<style>\/*! elementor - v3.20.0 - 26-03-2024 *\/\n.elementor-column .elementor-spacer-inner{height:var(--spacer-size)}.e-con{--container-widget-width:100%}.e-con-inner>.elementor-widget-spacer,.e-con>.elementor-widget-spacer{width:var(--container-widget-width,var(--spacer-size));--align-self:var(--container-widget-align-self,initial);--flex-shrink:0}.e-con-inner>.elementor-widget-spacer>.elementor-widget-container,.e-con>.elementor-widget-spacer>.elementor-widget-container{height:100%;width:100%}.e-con-inner>.elementor-widget-spacer>.elementor-widget-container>.elementor-spacer,.e-con>.elementor-widget-spacer>.elementor-widget-container>.elementor-spacer{height:100%}.e-con-inner>.elementor-widget-spacer>.elementor-widget-container>.elementor-spacer>.elementor-spacer-inner,.e-con>.elementor-widget-spacer>.elementor-widget-container>.elementor-spacer>.elementor-spacer-inner{height:var(--container-widget-height,var(--spacer-size))}.e-con-inner>.elementor-widget-spacer.elementor-widget-empty,.e-con>.elementor-widget-spacer.elementor-widget-empty{position:relative;min-height:22px;min-width:22px}.e-con-inner>.elementor-widget-spacer.elementor-widget-empty .elementor-widget-empty-icon,.e-con>.elementor-widget-spacer.elementor-widget-empty .elementor-widget-empty-icon{position:absolute;top:0;bottom:0;left:0;right:0;margin:auto;padding:0;width:22px;height:22px}<\/style>\t\t<div class=\"elementor-spacer\">\n\t\t\t<div class=\"elementor-spacer-inner\"><\/div>\n\t\t<\/div>\n\t\t\t\t<\/div>\n\t\t\t\t<\/div>\n\t\t\t\t<div class=\"elementor-element elementor-element-b97cafa elementor-invisible elementor-widget elementor-widget-heading\" data-id=\"b97cafa\" data-element_type=\"widget\" data-settings=\"{&quot;_animation&quot;:&quot;fadeIn&quot;}\" data-widget_type=\"heading.default\">\n\t\t\t\t<div class=\"elementor-widget-container\">\n\t\t\t<style>\/*! elementor - v3.20.0 - 26-03-2024 *\/\n.elementor-heading-title{padding:0;margin:0;line-height:1}.elementor-widget-heading .elementor-heading-title[class*=elementor-size-]>a{color:inherit;font-size:inherit;line-height:inherit}.elementor-widget-heading .elementor-heading-title.elementor-size-small{font-size:15px}.elementor-widget-heading .elementor-heading-title.elementor-size-medium{font-size:19px}.elementor-widget-heading .elementor-heading-title.elementor-size-large{font-size:29px}.elementor-widget-heading .elementor-heading-title.elementor-size-xl{font-size:39px}.elementor-widget-heading .elementor-heading-title.elementor-size-xxl{font-size:59px}<\/style><h1 class=\"elementor-heading-title elementor-size-default\">Reservas<\/h1>\t\t<\/div>\n\t\t\t\t<\/div>\n\t\t\t\t<div class=\"elementor-element elementor-element-77426bb elementor-widget__width-initial elementor-widget-divider--view-line elementor-invisible elementor-widget elementor-widget-divider\" data-id=\"77426bb\" data-element_type=\"widget\" data-settings=\"{&quot;_animation&quot;:&quot;fadeInLeft&quot;}\" data-widget_type=\"divider.default\">\n\t\t\t\t<div class=\"elementor-widget-container\">\n\t\t\t<style>\/*! elementor - v3.20.0 - 26-03-2024 *\/\n.elementor-widget-divider{--divider-border-style:none;--divider-border-width:1px;--divider-color:#0c0d0e;--divider-icon-size:20px;--divider-element-spacing:10px;--divider-pattern-height:24px;--divider-pattern-size:20px;--divider-pattern-url:none;--divider-pattern-repeat:repeat-x}.elementor-widget-divider .elementor-divider{display:flex}.elementor-widget-divider .elementor-divider__text{font-size:15px;line-height:1;max-width:95%}.elementor-widget-divider .elementor-divider__element{margin:0 var(--divider-element-spacing);flex-shrink:0}.elementor-widget-divider .elementor-icon{font-size:var(--divider-icon-size)}.elementor-widget-divider .elementor-divider-separator{display:flex;margin:0;direction:ltr}.elementor-widget-divider--view-line_icon .elementor-divider-separator,.elementor-widget-divider--view-line_text .elementor-divider-separator{align-items:center}.elementor-widget-divider--view-line_icon .elementor-divider-separator:after,.elementor-widget-divider--view-line_icon .elementor-divider-separator:before,.elementor-widget-divider--view-line_text .elementor-divider-separator:after,.elementor-widget-divider--view-line_text .elementor-divider-separator:before{display:block;content:\"\";border-block-end:0;flex-grow:1;border-block-start:var(--divider-border-width) var(--divider-border-style) var(--divider-color)}.elementor-widget-divider--element-align-left .elementor-divider .elementor-divider-separator>.elementor-divider__svg:first-of-type{flex-grow:0;flex-shrink:100}.elementor-widget-divider--element-align-left .elementor-divider-separator:before{content:none}.elementor-widget-divider--element-align-left .elementor-divider__element{margin-left:0}.elementor-widget-divider--element-align-right .elementor-divider .elementor-divider-separator>.elementor-divider__svg:last-of-type{flex-grow:0;flex-shrink:100}.elementor-widget-divider--element-align-right .elementor-divider-separator:after{content:none}.elementor-widget-divider--element-align-right .elementor-divider__element{margin-right:0}.elementor-widget-divider--element-align-start .elementor-divider .elementor-divider-separator>.elementor-divider__svg:first-of-type{flex-grow:0;flex-shrink:100}.elementor-widget-divider--element-align-start .elementor-divider-separator:before{content:none}.elementor-widget-divider--element-align-start .elementor-divider__element{margin-inline-start:0}.elementor-widget-divider--element-align-end .elementor-divider .elementor-divider-separator>.elementor-divider__svg:last-of-type{flex-grow:0;flex-shrink:100}.elementor-widget-divider--element-align-end .elementor-divider-separator:after{content:none}.elementor-widget-divider--element-align-end .elementor-divider__element{margin-inline-end:0}.elementor-widget-divider:not(.elementor-widget-divider--view-line_text):not(.elementor-widget-divider--view-line_icon) .elementor-divider-separator{border-block-start:var(--divider-border-width) var(--divider-border-style) var(--divider-color)}.elementor-widget-divider--separator-type-pattern{--divider-border-style:none}.elementor-widget-divider--separator-type-pattern.elementor-widget-divider--view-line .elementor-divider-separator,.elementor-widget-divider--separator-type-pattern:not(.elementor-widget-divider--view-line) .elementor-divider-separator:after,.elementor-widget-divider--separator-type-pattern:not(.elementor-widget-divider--view-line) .elementor-divider-separator:before,.elementor-widget-divider--separator-type-pattern:not([class*=elementor-widget-divider--view]) .elementor-divider-separator{width:100%;min-height:var(--divider-pattern-height);-webkit-mask-size:var(--divider-pattern-size) 100%;mask-size:var(--divider-pattern-size) 100%;-webkit-mask-repeat:var(--divider-pattern-repeat);mask-repeat:var(--divider-pattern-repeat);background-color:var(--divider-color);-webkit-mask-image:var(--divider-pattern-url);mask-image:var(--divider-pattern-url)}.elementor-widget-divider--no-spacing{--divider-pattern-size:auto}.elementor-widget-divider--bg-round{--divider-pattern-repeat:round}.rtl .elementor-widget-divider .elementor-divider__text{direction:rtl}.e-con-inner>.elementor-widget-divider,.e-con>.elementor-widget-divider{width:var(--container-widget-width,100%);--flex-grow:var(--container-widget-flex-grow)}<\/style>\t\t<div class=\"elementor-divider\">\n\t\t\t<span class=\"elementor-divider-separator\">\n\t\t\t\t\t\t<\/span>\n\t\t<\/div>\n\t\t\t\t<\/div>\n\t\t\t\t<\/div>\n\t\t\t\t<div class=\"elementor-element elementor-element-501aa1e elementor-widget__width-inherit elementor-invisible elementor-widget elementor-widget-text-editor\" data-id=\"501aa1e\" data-element_type=\"widget\" data-settings=\"{&quot;_animation&quot;:&quot;fadeInUp&quot;}\" data-widget_type=\"text-editor.default\">\n\t\t\t\t<div class=\"elementor-widget-container\">\n\t\t\t<style>\/*! elementor - v3.20.0 - 26-03-2024 *\/\n.elementor-widget-text-editor.elementor-drop-cap-view-stacked .elementor-drop-cap{background-color:#69727d;color:#fff}.elementor-widget-text-editor.elementor-drop-cap-view-framed .elementor-drop-cap{color:#69727d;border:3px solid;background-color:transparent}.elementor-widget-text-editor:not(.elementor-drop-cap-view-default) .elementor-drop-cap{margin-top:8px}.elementor-widget-text-editor:not(.elementor-drop-cap-view-default) .elementor-drop-cap-letter{width:1em;height:1em}.elementor-widget-text-editor .elementor-drop-cap{float:left;text-align:center;line-height:1;font-size:50px}.elementor-widget-text-editor .elementor-drop-cap-letter{display:inline-block}<\/style>\t\t\t\t<p>Realiza tu reserva de forma f\u00e1cil y sencilla<\/p>\t\t\t\t\t\t<\/div>\n\t\t\t\t<\/div>\n\t\t\t\t<div class=\"elementor-element elementor-element-2b7b6a4 elementor-invisible elementor-widget elementor-widget-heading\" data-id=\"2b7b6a4\" data-element_type=\"widget\" data-settings=\"{&quot;_animation&quot;:&quot;fadeInUp&quot;}\" data-widget_type=\"heading.default\">\n\t\t\t\t<div class=\"elementor-widget-container\">\n\t\t\t<h2 class=\"elementor-heading-title elementor-size-default\">\u00bfVienes a navegar con nosotros?<\/h2>\t\t<\/div>\n\t\t\t\t<\/div>\n\t\t\t\t<\/div>\n\t\t<div class=\"elementor-element elementor-element-260c3eb e-con-full elementor-hidden-mobile e-flex e-con e-child\" data-id=\"260c3eb\" data-element_type=\"container\">\n\t\t\t\t<div class=\"elementor-element elementor-element-537a9e4 e-transform vertical elementor-widget elementor-widget-heading\" data-id=\"537a9e4\" data-element_type=\"widget\" data-settings=\"{&quot;_transform_rotateZ_effect&quot;:{&quot;unit&quot;:&quot;px&quot;,&quot;size&quot;:180,&quot;sizes&quot;:[]},&quot;_transform_rotateZ_effect_tablet&quot;:{&quot;unit&quot;:&quot;deg&quot;,&quot;size&quot;:&quot;&quot;,&quot;sizes&quot;:[]},&quot;_transform_rotateZ_effect_mobile&quot;:{&quot;unit&quot;:&quot;deg&quot;,&quot;size&quot;:&quot;&quot;,&quot;sizes&quot;:[]}}\" data-widget_type=\"heading.default\">\n\t\t\t\t<div class=\"elementor-widget-container\">\n\t\t\t<h2 class=\"elementor-heading-title elementor-size-default\">CONTACTO<\/h2>\t\t<\/div>\n\t\t\t\t<\/div>\n\t\t<div class=\"elementor-element elementor-element-de45595 e-con-full e-flex e-con e-child\" data-id=\"de45595\" data-element_type=\"container\">\n\t\t\t\t<div class=\"elementor-element elementor-element-2a55414 elementor-widget__width-initial elementor-widget-tablet__width-initial elementor-widget elementor-widget-spacer\" data-id=\"2a55414\" data-element_type=\"widget\" data-widget_type=\"spacer.default\">\n\t\t\t\t<div class=\"elementor-widget-container\">\n\t\t\t\t\t<div class=\"elementor-spacer\">\n\t\t\t<div class=\"elementor-spacer-inner\"><\/div>\n\t\t<\/div>\n\t\t\t\t<\/div>\n\t\t\t\t<\/div>\n\t\t\t\t<\/div>\n\t\t\t\t<\/div>\n\t\t\t\t<\/div>\n\t\t<div class=\"elementor-element elementor-element-3d7b0c2 e-con-full e-flex e-con e-parent\" data-id=\"3d7b0c2\" data-element_type=\"container\" data-core-v316-plus=\"true\">\n\t\t<div class=\"elementor-element elementor-element-aa865b6 e-con-full e-flex e-con e-child\" data-id=\"aa865b6\" data-element_type=\"container\" data-settings=\"{&quot;background_background&quot;:&quot;classic&quot;}\">\n\t\t\t\t<div class=\"elementor-element elementor-element-0c93f53 elementor-invisible elementor-widget elementor-widget-image\" data-id=\"0c93f53\" data-element_type=\"widget\" data-settings=\"{&quot;_animation&quot;:&quot;fadeIn&quot;}\" data-widget_type=\"image.default\">\n\t\t\t\t<div class=\"elementor-widget-container\">\n\t\t\t\t\t\t\t\t\t\t\t\t\t<img decoding=\"async\" width=\"1898\" height=\"526\" src=\"https:\/\/elracodelnavegant.com\/wp-content\/uploads\/2024\/03\/contacte-1-jpg.webp\" class=\"attachment-full size-full wp-image-158 not-transparent\" alt=\"\" srcset=\"https:\/\/elracodelnavegant.com\/wp-content\/uploads\/2024\/03\/contacte-1-jpg.webp 1898w, https:\/\/elracodelnavegant.com\/wp-content\/uploads\/2024\/03\/contacte-1-300x83.webp 300w, https:\/\/elracodelnavegant.com\/wp-content\/uploads\/2024\/03\/contacte-1-1024x284.webp 1024w, https:\/\/elracodelnavegant.com\/wp-content\/uploads\/2024\/03\/contacte-1-768x213.webp 768w, https:\/\/elracodelnavegant.com\/wp-content\/uploads\/2024\/03\/contacte-1-1536x426.webp 1536w\" sizes=\"(max-width: 1898px) 100vw, 1898px\" data-has-transparency=\"false\" data-dominant-color=\"615850\" style=\"--dominant-color: #615850\" \/>\t\t\t\t\t\t\t\t\t\t\t\t\t<\/div>\n\t\t\t\t<\/div>\n\t\t\t\t<\/div>\n\t\t<div class=\"elementor-element elementor-element-d31a64e e-con-full e-flex e-con e-child\" data-id=\"d31a64e\" data-element_type=\"container\" data-settings=\"{&quot;background_background&quot;:&quot;classic&quot;}\">\n\t\t<div class=\"elementor-element elementor-element-1690899 e-con-full e-flex elementor-invisible e-con e-child\" data-id=\"1690899\" data-element_type=\"container\" data-settings=\"{&quot;background_background&quot;:&quot;classic&quot;,&quot;animation&quot;:&quot;fadeInUp&quot;}\">\n\t\t\t\t<div class=\"elementor-element elementor-element-f4bf243 elementor-widget__width-inherit elementor-widget elementor-widget-html\" data-id=\"f4bf243\" data-element_type=\"widget\" data-widget_type=\"html.default\">\n\t\t\t\t<div class=\"elementor-widget-container\">\n\t\t\t<script type=\"text\/javascript\"\r\n                                                                                        src=\"https:\/\/www.covermanager.com\/js\/iframeResizer.min.js\"><\/script><iframe\r\n                                                            id=\"el-raco-del-navegant\" title=\"Reservas\"\r\n                                                            src=\"https:\/\/www.covermanager.com\/reservation\/module_restaurant\/el-raco-del-navegant\/spanish\"\r\n                                                            allow=\"payment\" frameborder=\"0\" height=\"550\" width=\"100%\" onload=\"iFrameResize();\"><\/iframe>\r\n\t\t<\/div>\n\t\t\t\t<\/div>\n\t\t\t\t<\/div>\n\t\t\t\t<\/div>\n\t\t\t\t<\/div>\n\t\t\t\t<\/div>\n\t\t","protected":false},"excerpt":{"rendered":"<p>Reservas Realiza tu reserva de forma f\u00e1cil y sencilla \u00bfVienes a navegar con nosotros? CONTACTO<\/p>\n","protected":false},"author":1,"featured_media":0,"parent":0,"menu_order":0,"comment_status":"closed","ping_status":"closed","template":"","meta":{"footnotes":""},"yoast_head":"<!-- This site is optimized with the Yoast SEO plugin v22.3 - https:\/\/yoast.com\/wordpress\/plugins\/seo\/ -->\n<title>Reservas - El Rac\u00f3 del Navegant<\/title>\n<meta name=\"description\" content=\"El Rac\u00f3 del Navegant, situado en el Port Bal\u00eds de Sant Andreu de Llavaneres desde 1993, ofrece cocina de mercado, pescado fresco y ambiente familiar\" \/>\n<meta name=\"robots\" content=\"index, follow, max-snippet:-1, max-image-preview:large, max-video-preview:-1\" \/>\n<link rel=\"canonical\" href=\"https:\/\/elracodelnavegant.com\/es\/reservas\/\" \/>\n<meta property=\"og:locale\" content=\"es_ES\" \/>\n<meta property=\"og:type\" content=\"article\" \/>\n<meta property=\"og:title\" content=\"Reservas - El Rac\u00f3 del Navegant\" \/>\n<meta property=\"og:description\" content=\"El Rac\u00f3 del Navegant, situado en el Port Bal\u00eds de Sant Andreu de Llavaneres desde 1993, ofrece cocina de mercado, pescado fresco y ambiente familiar\" \/>\n<meta property=\"og:url\" content=\"https:\/\/elracodelnavegant.com\/es\/reservas\/\" \/>\n<meta property=\"og:site_name\" content=\"El Rac\u00f3 del Navegant\" \/>\n<meta property=\"article:publisher\" content=\"https:\/\/www.facebook.com\/elracodelnavegant\/\" \/>\n<meta property=\"article:modified_time\" content=\"2025-04-15T12:33:56+00:00\" \/>\n<meta property=\"og:image\" content=\"https:\/\/elracodelnavegant.com\/wp-content\/uploads\/2024\/03\/DSC_0435-1-jpg.webp\" \/>\n<meta name=\"twitter:card\" content=\"summary_large_image\" \/>\n<meta name=\"twitter:label1\" content=\"Tiempo de lectura\" \/>\n\t<meta name=\"twitter:data1\" content=\"1 minuto\" \/>\n<script type=\"application\/ld+json\" class=\"yoast-schema-graph\">{\"@context\":\"https:\/\/schema.org\",\"@graph\":[{\"@type\":\"WebPage\",\"@id\":\"https:\/\/elracodelnavegant.com\/es\/reservas\/\",\"url\":\"https:\/\/elracodelnavegant.com\/es\/reservas\/\",\"name\":\"Reservas - El Rac\u00f3 del Navegant\",\"isPartOf\":{\"@id\":\"https:\/\/elracodelnavegant.com\/es\/#website\"},\"primaryImageOfPage\":{\"@id\":\"https:\/\/elracodelnavegant.com\/es\/reservas\/#primaryimage\"},\"image\":{\"@id\":\"https:\/\/elracodelnavegant.com\/es\/reservas\/#primaryimage\"},\"thumbnailUrl\":\"https:\/\/elracodelnavegant.com\/wp-content\/uploads\/2024\/03\/DSC_0435-1-jpg.webp\",\"datePublished\":\"2025-04-15T12:06:13+00:00\",\"dateModified\":\"2025-04-15T12:33:56+00:00\",\"description\":\"El Rac\u00f3 del Navegant, situado en el Port Bal\u00eds de Sant Andreu de Llavaneres desde 1993, ofrece cocina de mercado, pescado fresco y ambiente familiar\",\"breadcrumb\":{\"@id\":\"https:\/\/elracodelnavegant.com\/es\/reservas\/#breadcrumb\"},\"inLanguage\":\"es\",\"potentialAction\":[{\"@type\":\"ReadAction\",\"target\":[\"https:\/\/elracodelnavegant.com\/es\/reservas\/\"]}]},{\"@type\":\"ImageObject\",\"inLanguage\":\"es\",\"@id\":\"https:\/\/elracodelnavegant.com\/es\/reservas\/#primaryimage\",\"url\":\"https:\/\/elracodelnavegant.com\/wp-content\/uploads\/2024\/03\/DSC_0435-1-jpg.webp\",\"contentUrl\":\"https:\/\/elracodelnavegant.com\/wp-content\/uploads\/2024\/03\/DSC_0435-1-jpg.webp\",\"width\":1800,\"height\":642},{\"@type\":\"BreadcrumbList\",\"@id\":\"https:\/\/elracodelnavegant.com\/es\/reservas\/#breadcrumb\",\"itemListElement\":[{\"@type\":\"ListItem\",\"position\":1,\"name\":\"Portada\",\"item\":\"https:\/\/elracodelnavegant.com\/es\/\"},{\"@type\":\"ListItem\",\"position\":2,\"name\":\"Reservas\"}]},{\"@type\":\"WebSite\",\"@id\":\"https:\/\/elracodelnavegant.com\/es\/#website\",\"url\":\"https:\/\/elracodelnavegant.com\/es\/\",\"name\":\"El Rac\u00f3 del Navegant\",\"description\":\"\",\"publisher\":{\"@id\":\"https:\/\/elracodelnavegant.com\/es\/#organization\"},\"potentialAction\":[{\"@type\":\"SearchAction\",\"target\":{\"@type\":\"EntryPoint\",\"urlTemplate\":\"https:\/\/elracodelnavegant.com\/es\/?s={search_term_string}\"},\"query-input\":\"required name=search_term_string\"}],\"inLanguage\":\"es\"},{\"@type\":\"Organization\",\"@id\":\"https:\/\/elracodelnavegant.com\/es\/#organization\",\"name\":\"El Rac\u00f3 del Navegant\",\"alternateName\":\"El Rac\u00f3 del Navegant\",\"url\":\"https:\/\/elracodelnavegant.com\/es\/\",\"logo\":{\"@type\":\"ImageObject\",\"inLanguage\":\"es\",\"@id\":\"https:\/\/elracodelnavegant.com\/es\/#\/schema\/logo\/image\/\",\"url\":\"https:\/\/elracodelnavegant.com\/wp-content\/uploads\/2024\/03\/cropped-logo-quadrat-25-anys-jpg-1.webp\",\"contentUrl\":\"https:\/\/elracodelnavegant.com\/wp-content\/uploads\/2024\/03\/cropped-logo-quadrat-25-anys-jpg-1.webp\",\"width\":1124,\"height\":1124,\"caption\":\"El Rac\u00f3 del Navegant\"},\"image\":{\"@id\":\"https:\/\/elracodelnavegant.com\/es\/#\/schema\/logo\/image\/\"},\"sameAs\":[\"https:\/\/www.facebook.com\/elracodelnavegant\/\",\"https:\/\/www.guiarepsol.com\/es\/fichas\/restaurante\/el-raco-del-navegant-9177\/\",\"https:\/\/www.tripadvisor.es\/Restaurant_Review-g1064012-d2638636-Reviews-El_Raco_del_Navegant-Sant_Andreu_de_Llavaneres_Catalonia.html\"]}]}<\/script>\n<!-- \/ Yoast SEO plugin. -->","yoast_head_json":{"title":"Reservas - El Rac\u00f3 del Navegant","description":"El Rac\u00f3 del Navegant, situado en el Port Bal\u00eds de Sant Andreu de Llavaneres desde 1993, ofrece cocina de mercado, pescado fresco y ambiente familiar","robots":{"index":"index","follow":"follow","max-snippet":"max-snippet:-1","max-image-preview":"max-image-preview:large","max-video-preview":"max-video-preview:-1"},"canonical":"https:\/\/elracodelnavegant.com\/es\/reservas\/","og_locale":"es_ES","og_type":"article","og_title":"Reservas - El Rac\u00f3 del Navegant","og_description":"El Rac\u00f3 del Navegant, situado en el Port Bal\u00eds de Sant Andreu de Llavaneres desde 1993, ofrece cocina de mercado, pescado fresco y ambiente familiar","og_url":"https:\/\/elracodelnavegant.com\/es\/reservas\/","og_site_name":"El Rac\u00f3 del Navegant","article_publisher":"https:\/\/www.facebook.com\/elracodelnavegant\/","article_modified_time":"2025-04-15T12:33:56+00:00","og_image":[{"url":"https:\/\/elracodelnavegant.com\/wp-content\/uploads\/2024\/03\/DSC_0435-1-jpg.webp"}],"twitter_card":"summary_large_image","twitter_misc":{"Tiempo de lectura":"1 minuto"},"schema":{"@context":"https:\/\/schema.org","@graph":[{"@type":"WebPage","@id":"https:\/\/elracodelnavegant.com\/es\/reservas\/","url":"https:\/\/elracodelnavegant.com\/es\/reservas\/","name":"Reservas - El Rac\u00f3 del Navegant","isPartOf":{"@id":"https:\/\/elracodelnavegant.com\/es\/#website"},"primaryImageOfPage":{"@id":"https:\/\/elracodelnavegant.com\/es\/reservas\/#primaryimage"},"image":{"@id":"https:\/\/elracodelnavegant.com\/es\/reservas\/#primaryimage"},"thumbnailUrl":"https:\/\/elracodelnavegant.com\/wp-content\/uploads\/2024\/03\/DSC_0435-1-jpg.webp","datePublished":"2025-04-15T12:06:13+00:00","dateModified":"2025-04-15T12:33:56+00:00","description":"El Rac\u00f3 del Navegant, situado en el Port Bal\u00eds de Sant Andreu de Llavaneres desde 1993, ofrece cocina de mercado, pescado fresco y ambiente familiar","breadcrumb":{"@id":"https:\/\/elracodelnavegant.com\/es\/reservas\/#breadcrumb"},"inLanguage":"es","potentialAction":[{"@type":"ReadAction","target":["https:\/\/elracodelnavegant.com\/es\/reservas\/"]}]},{"@type":"ImageObject","inLanguage":"es","@id":"https:\/\/elracodelnavegant.com\/es\/reservas\/#primaryimage","url":"https:\/\/elracodelnavegant.com\/wp-content\/uploads\/2024\/03\/DSC_0435-1-jpg.webp","contentUrl":"https:\/\/elracodelnavegant.com\/wp-content\/uploads\/2024\/03\/DSC_0435-1-jpg.webp","width":1800,"height":642},{"@type":"BreadcrumbList","@id":"https:\/\/elracodelnavegant.com\/es\/reservas\/#breadcrumb","itemListElement":[{"@type":"ListItem","position":1,"name":"Portada","item":"https:\/\/elracodelnavegant.com\/es\/"},{"@type":"ListItem","position":2,"name":"Reservas"}]},{"@type":"WebSite","@id":"https:\/\/elracodelnavegant.com\/es\/#website","url":"https:\/\/elracodelnavegant.com\/es\/","name":"El Rac\u00f3 del Navegant","description":"","publisher":{"@id":"https:\/\/elracodelnavegant.com\/es\/#organization"},"potentialAction":[{"@type":"SearchAction","target":{"@type":"EntryPoint","urlTemplate":"https:\/\/elracodelnavegant.com\/es\/?s={search_term_string}"},"query-input":"required name=search_term_string"}],"inLanguage":"es"},{"@type":"Organization","@id":"https:\/\/elracodelnavegant.com\/es\/#organization","name":"El Rac\u00f3 del Navegant","alternateName":"El Rac\u00f3 del Navegant","url":"https:\/\/elracodelnavegant.com\/es\/","logo":{"@type":"ImageObject","inLanguage":"es","@id":"https:\/\/elracodelnavegant.com\/es\/#\/schema\/logo\/image\/","url":"https:\/\/elracodelnavegant.com\/wp-content\/uploads\/2024\/03\/cropped-logo-quadrat-25-anys-jpg-1.webp","contentUrl":"https:\/\/elracodelnavegant.com\/wp-content\/uploads\/2024\/03\/cropped-logo-quadrat-25-anys-jpg-1.webp","width":1124,"height":1124,"caption":"El Rac\u00f3 del Navegant"},"image":{"@id":"https:\/\/elracodelnavegant.com\/es\/#\/schema\/logo\/image\/"},"sameAs":["https:\/\/www.facebook.com\/elracodelnavegant\/","https:\/\/www.guiarepsol.com\/es\/fichas\/restaurante\/el-raco-del-navegant-9177\/","https:\/\/www.tripadvisor.es\/Restaurant_Review-g1064012-d2638636-Reviews-El_Raco_del_Navegant-Sant_Andreu_de_Llavaneres_Catalonia.html"]}]}},"_links":{"self":[{"href":"https:\/\/elracodelnavegant.com\/es\/wp-json\/wp\/v2\/pages\/722"}],"collection":[{"href":"https:\/\/elracodelnavegant.com\/es\/wp-json\/wp\/v2\/pages"}],"about":[{"href":"https:\/\/elracodelnavegant.com\/es\/wp-json\/wp\/v2\/types\/page"}],"author":[{"embeddable":true,"href":"https:\/\/elracodelnavegant.com\/es\/wp-json\/wp\/v2\/users\/1"}],"replies":[{"embeddable":true,"href":"https:\/\/elracodelnavegant.com\/es\/wp-json\/wp\/v2\/comments?post=722"}],"version-history":[{"count":9,"href":"https:\/\/elracodelnavegant.com\/es\/wp-json\/wp\/v2\/pages\/722\/revisions"}],"predecessor-version":[{"id":745,"href":"https:\/\/elracodelnavegant.com\/es\/wp-json\/wp\/v2\/pages\/722\/revisions\/745"}],"wp:attachment":[{"href":"https:\/\/elracodelnavegant.com\/es\/wp-json\/wp\/v2\/media?parent=722"}],"curies":[{"name":"wp","href":"https:\/\/api.w.org\/{rel}","templated":true}]}}